{"id":450,"date":"2014-02-19T09:39:41","date_gmt":"2014-02-19T14:39:41","guid":{"rendered":"http:\/\/internationalmortgageassociates.com\/?page_id=450"},"modified":"2014-02-19T09:43:15","modified_gmt":"2014-02-19T14:43:15","slug":"quienes-somos","status":"publish","type":"page","link":"http:\/\/internationalmortgageassociates.com\/es\/quienes-somos\/","title":{"rendered":"\u00bfQui\u00e9nes somos?"},"content":{"rendered":"<p>Internacional Associates Mortgage es una firma de corretaje de hipotecas con licencia en prestigiosas oficinas ubicadas en Celebration, a las afueras de Orlando, Florida. Formado por un Director, que tiene casi 30 a\u00f1os de experiencia en los servicios financieros del Reino Unido y la intermediaci\u00f3n hipotecaria internacionales y m\u00e1s de 10 a\u00f1os de experiencia en la propiedad de la Florida y del Mercado Hipotecario.<\/p>\n<p>Estamos muy bien posicionados para liderar a los clientes de EE.UU. e internacionales a trav\u00e9s del laberinto de la hipoteca, dondequiera que usted elija para comprar, pero particularmente en la Florida, el Caribe y el Reino Unido.<\/p>\n<p>Nuestra misi\u00f3n es construir una hipoteca dedicado equipo, que puede proporcionar innovadoras soluciones hipotecarias internacionales de apoyo y servicio al cliente inigualable.<\/p>\n<p>Estamos equipados para proporcionar asesoramiento hipotecario de alta calidad para los clientes de EE.UU. e internacionales. Mientras que cubrimos nuestros mercados &#8216;prime&#8217;, nos gusta un desaf\u00edo, as\u00ed que si usted quiere comprar en otra zona del mundo, h\u00e1ganoslo saber y vamos a utilizar nuestra experiencia y contactos a la fuente de una soluci\u00f3n para usted.<\/p>\n<hr \/>\n<p><span><span>John Brock-Edgar FPS DIP <\/span><\/span><span><span><br \/>\n<\/span><\/span><\/p>\n<p>He estado en UK Financial Services en el sector minorista desde hace casi 30 a\u00f1os. Al principio me mantuve posiciones empleados en muchos de los principales bancos del Reino Unido y progresado a nivel Regional Manager.<\/p>\n<p>En 1995 me convert\u00ed en un Asesor Financiero Independiente e Internacional corredor de hipoteca , antes de formar Equus IFM Ltd en 1998 con cuatro socios . Construido sobre una base de un buen control de costos y procesos compatibles que hemos construido el negocio de emplear alrededor del a\u00f1o 65 personas en 2013. Entre 1998 y 2011 yo era el Director de la Divisi\u00f3n Internacional de hipoteca .<\/p>\n<p>Mi esposa y yo compramos nuestra primera propiedad en la Florida en 2003 ya pesar de casi 30 a\u00f1os de experiencia en el Reino Unido y Hipotecas Internacionales, me pareci\u00f3 que el procesos de compra y la hipoteca dif\u00edcil de entender. Cuando vend\u00ed y compr\u00e9 otra propiedad en la Florida en 2007 , la situaci\u00f3n no hab\u00eda cambiado, as\u00ed que tom\u00f3 la decisi\u00f3n de tratar de ayudar a los clientes internacionales a comprender mejor estos procesos. Me convert\u00ed en un originador de pr\u00e9stamos cualificados y regulado ( Broker) en el Estado de Florida en 2007 y he estado ayudando a clientes de Estados Unidos e Internacionales con el proceso de compra y la hipoteca desde entonces.<\/p>\n<p>A nivel personal , yo soy un hombre de familia, casado con Gaynor desde 1993. Tenemos tres grandes chicos , romana (nacido 2000 ) , Judd (nacido 2003) y Finn (nacido en 2006 ) . Todos disfrutamos de una amplia gama de deportes a pesar de haber jugado al rugby durante 35 a\u00f1os, el rugby es mi pasi\u00f3n.<\/p>\n","protected":false},"excerpt":{"rendered":"<p>Internacional Associates Mortgage es una firma de corretaje de hipotecas con licencia en prestigiosas oficinas ubicadas en Celebration, a las afueras de Orlando, Florida. Formado por un Director, que tiene casi 30 a\u00f1os de experiencia en los servicios financieros del Reino Unido y la intermediaci\u00f3n hipotecaria internacionales y m\u00e1s de 10 a\u00f1os de experiencia en [&hellip;]<\/p>\n","protected":false},"author":1,"featured_media":0,"parent":0,"menu_order":0,"comment_status":"closed","ping_status":"closed","template":"","meta":{"footnotes":""},"class_list":["post-450","page","type-page","status-publish","hentry"],"yoast_head":"<!-- This site is optimized with the Yoast SEO plugin v27.2 - https:\/\/yoast.com\/product\/yoast-seo-wordpress\/ -->\n<title>\u00bfQui\u00e9nes somos? - International Mortgage Associates<\/title>\n<meta name=\"robots\" content=\"index, follow, max-snippet:-1, max-image-preview:large, max-video-preview:-1\" \/>\n<link rel=\"canonical\" href=\"http:\/\/internationalmortgageassociates.com\/es\/quienes-somos\/\" \/>\n<meta property=\"og:locale\" content=\"es_ES\" \/>\n<meta property=\"og:type\" content=\"article\" \/>\n<meta property=\"og:title\" content=\"\u00bfQui\u00e9nes somos? - International Mortgage Associates\" \/>\n<meta property=\"og:description\" content=\"Internacional Associates Mortgage es una firma de corretaje de hipotecas con licencia en prestigiosas oficinas ubicadas en Celebration, a las afueras de Orlando, Florida. Formado por un Director, que tiene casi 30 a\u00f1os de experiencia en los servicios financieros del Reino Unido y la intermediaci\u00f3n hipotecaria internacionales y m\u00e1s de 10 a\u00f1os de experiencia en [&hellip;]\" \/>\n<meta property=\"og:url\" content=\"http:\/\/internationalmortgageassociates.com\/es\/quienes-somos\/\" \/>\n<meta property=\"og:site_name\" content=\"International Mortgage Associates\" \/>\n<meta property=\"article:modified_time\" content=\"2014-02-19T14:43:15+00:00\" \/>\n<meta name=\"twitter:label1\" content=\"Tiempo de lectura\" \/>\n\t<meta name=\"twitter:data1\" content=\"2 minutos\" \/>\n<script type=\"application\/ld+json\" class=\"yoast-schema-graph\">{\"@context\":\"https:\/\/schema.org\",\"@graph\":[{\"@type\":\"WebPage\",\"@id\":\"http:\/\/internationalmortgageassociates.com\/es\/quienes-somos\/\",\"url\":\"http:\/\/internationalmortgageassociates.com\/es\/quienes-somos\/\",\"name\":\"\u00bfQui\u00e9nes somos? - International Mortgage Associates\",\"isPartOf\":{\"@id\":\"https:\/\/internationalmortgageassociates.com\/#website\"},\"datePublished\":\"2014-02-19T14:39:41+00:00\",\"dateModified\":\"2014-02-19T14:43:15+00:00\",\"breadcrumb\":{\"@id\":\"http:\/\/internationalmortgageassociates.com\/es\/quienes-somos\/#breadcrumb\"},\"inLanguage\":\"es\",\"potentialAction\":[{\"@type\":\"ReadAction\",\"target\":[\"http:\/\/internationalmortgageassociates.com\/es\/quienes-somos\/\"]}]},{\"@type\":\"BreadcrumbList\",\"@id\":\"http:\/\/internationalmortgageassociates.com\/es\/quienes-somos\/#breadcrumb\",\"itemListElement\":[{\"@type\":\"ListItem\",\"position\":1,\"name\":\"Home\",\"item\":\"http:\/\/internationalmortgageassociates.com\/es\/\"},{\"@type\":\"ListItem\",\"position\":2,\"name\":\"\u00bfQui\u00e9nes somos?\"}]},{\"@type\":\"WebSite\",\"@id\":\"https:\/\/internationalmortgageassociates.com\/#website\",\"url\":\"https:\/\/internationalmortgageassociates.com\/\",\"name\":\"International Mortgage Associates\",\"description\":\"Professional Mortgage Services for Florida and International\",\"potentialAction\":[{\"@type\":\"SearchAction\",\"target\":{\"@type\":\"EntryPoint\",\"urlTemplate\":\"https:\/\/internationalmortgageassociates.com\/?s={search_term_string}\"},\"query-input\":{\"@type\":\"PropertyValueSpecification\",\"valueRequired\":true,\"valueName\":\"search_term_string\"}}],\"inLanguage\":\"es\"}]}<\/script>\n<!-- \/ Yoast SEO plugin. -->","yoast_head_json":{"title":"\u00bfQui\u00e9nes somos? - International Mortgage Associates","robots":{"index":"index","follow":"follow","max-snippet":"max-snippet:-1","max-image-preview":"max-image-preview:large","max-video-preview":"max-video-preview:-1"},"canonical":"http:\/\/internationalmortgageassociates.com\/es\/quienes-somos\/","og_locale":"es_ES","og_type":"article","og_title":"\u00bfQui\u00e9nes somos? - International Mortgage Associates","og_description":"Internacional Associates Mortgage es una firma de corretaje de hipotecas con licencia en prestigiosas oficinas ubicadas en Celebration, a las afueras de Orlando, Florida. Formado por un Director, que tiene casi 30 a\u00f1os de experiencia en los servicios financieros del Reino Unido y la intermediaci\u00f3n hipotecaria internacionales y m\u00e1s de 10 a\u00f1os de experiencia en [&hellip;]","og_url":"http:\/\/internationalmortgageassociates.com\/es\/quienes-somos\/","og_site_name":"International Mortgage Associates","article_modified_time":"2014-02-19T14:43:15+00:00","twitter_misc":{"Tiempo de lectura":"2 minutos"},"schema":{"@context":"https:\/\/schema.org","@graph":[{"@type":"WebPage","@id":"http:\/\/internationalmortgageassociates.com\/es\/quienes-somos\/","url":"http:\/\/internationalmortgageassociates.com\/es\/quienes-somos\/","name":"\u00bfQui\u00e9nes somos? - International Mortgage Associates","isPartOf":{"@id":"https:\/\/internationalmortgageassociates.com\/#website"},"datePublished":"2014-02-19T14:39:41+00:00","dateModified":"2014-02-19T14:43:15+00:00","breadcrumb":{"@id":"http:\/\/internationalmortgageassociates.com\/es\/quienes-somos\/#breadcrumb"},"inLanguage":"es","potentialAction":[{"@type":"ReadAction","target":["http:\/\/internationalmortgageassociates.com\/es\/quienes-somos\/"]}]},{"@type":"BreadcrumbList","@id":"http:\/\/internationalmortgageassociates.com\/es\/quienes-somos\/#breadcrumb","itemListElement":[{"@type":"ListItem","position":1,"name":"Home","item":"http:\/\/internationalmortgageassociates.com\/es\/"},{"@type":"ListItem","position":2,"name":"\u00bfQui\u00e9nes somos?"}]},{"@type":"WebSite","@id":"https:\/\/internationalmortgageassociates.com\/#website","url":"https:\/\/internationalmortgageassociates.com\/","name":"International Mortgage Associates","description":"Professional Mortgage Services for Florida and International","potentialAction":[{"@type":"SearchAction","target":{"@type":"EntryPoint","urlTemplate":"https:\/\/internationalmortgageassociates.com\/?s={search_term_string}"},"query-input":{"@type":"PropertyValueSpecification","valueRequired":true,"valueName":"search_term_string"}}],"inLanguage":"es"}]}},"_links":{"self":[{"href":"http:\/\/internationalmortgageassociates.com\/es\/wp-json\/wp\/v2\/pages\/450","targetHints":{"allow":["GET"]}}],"collection":[{"href":"http:\/\/internationalmortgageassociates.com\/es\/wp-json\/wp\/v2\/pages"}],"about":[{"href":"http:\/\/internationalmortgageassociates.com\/es\/wp-json\/wp\/v2\/types\/page"}],"author":[{"embeddable":true,"href":"http:\/\/internationalmortgageassociates.com\/es\/wp-json\/wp\/v2\/users\/1"}],"replies":[{"embeddable":true,"href":"http:\/\/internationalmortgageassociates.com\/es\/wp-json\/wp\/v2\/comments?post=450"}],"version-history":[{"count":5,"href":"http:\/\/internationalmortgageassociates.com\/es\/wp-json\/wp\/v2\/pages\/450\/revisions"}],"predecessor-version":[{"id":456,"href":"http:\/\/internationalmortgageassociates.com\/es\/wp-json\/wp\/v2\/pages\/450\/revisions\/456"}],"wp:attachment":[{"href":"http:\/\/internationalmortgageassociates.com\/es\/wp-json\/wp\/v2\/media?parent=450"}],"curies":[{"name":"wp","href":"https:\/\/api.w.org\/{rel}","templated":true}]}}