{"id":460,"date":"2014-02-19T09:47:32","date_gmt":"2014-02-19T14:47:32","guid":{"rendered":"http:\/\/internationalmortgageassociates.com\/?page_id=460"},"modified":"2014-02-19T09:47:47","modified_gmt":"2014-02-19T14:47:47","slug":"460-2","status":"publish","type":"page","link":"http:\/\/internationalmortgageassociates.com\/pt-br\/460-2\/","title":{"rendered":"Quem Somos"},"content":{"rendered":"<p>Mortgage Associates International \u00e9 uma Brokerage Mortgage licenciado localizado em escrit\u00f3rios de prest\u00edgio em Celebration, nos arredores de Orlando, Florida. Formada por um diretor que tem quase 30 anos de experi\u00eancia em Servi\u00e7os Financeiros do Reino Unido e Internacional Mortgage Corretagem e mais de 10 anos de experi\u00eancia na propriedade da Fl\u00f3rida e mercado hipotec\u00e1rio.<\/p>\n<p>Estamos numa posi\u00e7\u00e3o ideal para orientar os clientes norte-americanos e internacionais atrav\u00e9s do labirinto de hipoteca, onde quer que voc\u00ea escolher para comprar, mas particularmente na Fl\u00f3rida, Caribe e Reino Unido.<\/p>\n<p>Nossa miss\u00e3o \u00e9 construir uma equipe dedicada compat\u00edvel, hipoteca que pode fornecer solu\u00e7\u00f5es de hipotecas internacionais inovadoras e atendimento ao cliente insuper\u00e1vel.<\/p>\n<p>Estamos equipados para fornecer aconselhamento hipoteca de alta qualidade para os clientes dos Estados Unidos e internacionais. Enquanto n\u00f3s cobrimos nossos mercados &#8216;prime&#8217;, tamb\u00e9m gosta de um desafio, por isso, se voc\u00ea quiser comprar em outra \u00e1rea do mundo, avise-nos e vamos usar a nossa experi\u00eancia e contatos para fonte de uma solu\u00e7\u00e3o para voc\u00ea.<\/p>\n<hr \/>\n<h3>Diretor Biografia:<\/h3>\n<h4>John Brock-Edgar DIP FPS<\/h4>\n<p>Estive em Servi\u00e7os Financeiros do Reino Unido no setor de varejo por quase 30 anos . Eu inicialmente ocupou cargos empregadas dentro de muitos dos principais bancos do Reino Unido e progrediu para o n\u00edvel Regional Manager.<\/p>\n<p>Em 1995 eu me tornei um consultor financeiro independente e Internacional Mortgage Broker, antes de formar Equus IFM Ltd em 1998 com quatro s\u00f3cios . Constru\u00eddo sobre uma base de um bom controle de custos e processos compat\u00edveis com n\u00f3s constru\u00edmos o neg\u00f3cio de empregar cerca de 65 pessoas em 2013. Entre 1998 e 2011 eu era o Diretor da Divis\u00e3o Internacional da hipoteca .<\/p>\n<p>Minha esposa e eu compramos nossa primeira propriedade na Fl\u00f3rida , em 2003, e apesar de quase 30 anos de experi\u00eancia no Reino Unido e Hipotecas internacionais , encontrei a compra e processos de hipoteca dif\u00edcil de entender. Quando eu vendi e comprei outro im\u00f3vel na Fl\u00f3rida, em 2007, a posi\u00e7\u00e3o n\u00e3o mudou , ent\u00e3o eu tomei uma decis\u00e3o para tentar ajudar a clientes internacionais entender esses processos melhor. Eu me tornei um originador de empr\u00e9stimo qualificado e regulado ( Broker) , no Estado da Fl\u00f3rida , em 2007, e t\u00eam ajudado clientes norte-americanos e internacionais com o processo de compra e hipoteca desde ent\u00e3o .<\/p>\n<p>Em um n\u00edvel pessoal , eu sou um homem de fam\u00edlia , casado com a Gaynor desde 1993. Temos tr\u00eas grandes meninos, Roman (nascido em 2000) , Judd (nascido em 2003) e Finn (nascido em 2006) . Todos n\u00f3s desfrutar de uma grande variedade de esportes apesar de ter jogado r\u00fagbi durante 35 anos , o rugby \u00e9 minha paix\u00e3o.<\/p>\n<p style=\"text-align: center;\"><span class=\"bk-button-wrapper\"><a href=\"\/contact\" target=\"_parent\" class=\"bk-button blue  rounded small\">Contatar Jo\u00e3o HOJE!<\/a><\/span><\/p>\n","protected":false},"excerpt":{"rendered":"<p>Mortgage Associates International \u00e9 uma Brokerage Mortgage licenciado localizado em escrit\u00f3rios de prest\u00edgio em Celebration, nos arredores de Orlando, Florida. Formada por um diretor que tem quase 30 anos de experi\u00eancia em Servi\u00e7os Financeiros do Reino Unido e Internacional Mortgage Corretagem e mais de 10 anos de experi\u00eancia na propriedade da Fl\u00f3rida e mercado hipotec\u00e1rio. [&hellip;]<\/p>\n","protected":false},"author":1,"featured_media":0,"parent":0,"menu_order":0,"comment_status":"closed","ping_status":"closed","template":"","meta":{"footnotes":""},"class_list":["post-460","page","type-page","status-publish","hentry"],"yoast_head":"<!-- This site is optimized with the Yoast SEO plugin v27.2 - https:\/\/yoast.com\/product\/yoast-seo-wordpress\/ -->\n<title>Quem Somos - International Mortgage Associates<\/title>\n<meta name=\"robots\" content=\"index, follow, max-snippet:-1, max-image-preview:large, max-video-preview:-1\" \/>\n<link rel=\"canonical\" href=\"http:\/\/internationalmortgageassociates.com\/pt-br\/460-2\/\" \/>\n<meta property=\"og:locale\" content=\"pt_BR\" \/>\n<meta property=\"og:type\" content=\"article\" \/>\n<meta property=\"og:title\" content=\"Quem Somos - International Mortgage Associates\" \/>\n<meta property=\"og:description\" content=\"Mortgage Associates International \u00e9 uma Brokerage Mortgage licenciado localizado em escrit\u00f3rios de prest\u00edgio em Celebration, nos arredores de Orlando, Florida. Formada por um diretor que tem quase 30 anos de experi\u00eancia em Servi\u00e7os Financeiros do Reino Unido e Internacional Mortgage Corretagem e mais de 10 anos de experi\u00eancia na propriedade da Fl\u00f3rida e mercado hipotec\u00e1rio. [&hellip;]\" \/>\n<meta property=\"og:url\" content=\"http:\/\/internationalmortgageassociates.com\/pt-br\/460-2\/\" \/>\n<meta property=\"og:site_name\" content=\"International Mortgage Associates\" \/>\n<meta property=\"article:modified_time\" content=\"2014-02-19T14:47:47+00:00\" \/>\n<meta name=\"twitter:label1\" content=\"Est. tempo de leitura\" \/>\n\t<meta name=\"twitter:data1\" content=\"2 minutos\" \/>\n<script type=\"application\/ld+json\" class=\"yoast-schema-graph\">{\"@context\":\"https:\/\/schema.org\",\"@graph\":[{\"@type\":\"WebPage\",\"@id\":\"http:\/\/internationalmortgageassociates.com\/pt-br\/460-2\/\",\"url\":\"http:\/\/internationalmortgageassociates.com\/pt-br\/460-2\/\",\"name\":\"Quem Somos - International Mortgage Associates\",\"isPartOf\":{\"@id\":\"https:\/\/internationalmortgageassociates.com\/#website\"},\"datePublished\":\"2014-02-19T14:47:32+00:00\",\"dateModified\":\"2014-02-19T14:47:47+00:00\",\"breadcrumb\":{\"@id\":\"http:\/\/internationalmortgageassociates.com\/pt-br\/460-2\/#breadcrumb\"},\"inLanguage\":\"pt-BR\",\"potentialAction\":[{\"@type\":\"ReadAction\",\"target\":[\"http:\/\/internationalmortgageassociates.com\/pt-br\/460-2\/\"]}]},{\"@type\":\"BreadcrumbList\",\"@id\":\"http:\/\/internationalmortgageassociates.com\/pt-br\/460-2\/#breadcrumb\",\"itemListElement\":[{\"@type\":\"ListItem\",\"position\":1,\"name\":\"Home\",\"item\":\"http:\/\/internationalmortgageassociates.com\/pt-br\/\"},{\"@type\":\"ListItem\",\"position\":2,\"name\":\"Quem Somos\"}]},{\"@type\":\"WebSite\",\"@id\":\"https:\/\/internationalmortgageassociates.com\/#website\",\"url\":\"https:\/\/internationalmortgageassociates.com\/\",\"name\":\"International Mortgage Associates\",\"description\":\"Professional Mortgage Services for Florida and International\",\"potentialAction\":[{\"@type\":\"SearchAction\",\"target\":{\"@type\":\"EntryPoint\",\"urlTemplate\":\"https:\/\/internationalmortgageassociates.com\/?s={search_term_string}\"},\"query-input\":{\"@type\":\"PropertyValueSpecification\",\"valueRequired\":true,\"valueName\":\"search_term_string\"}}],\"inLanguage\":\"pt-BR\"}]}<\/script>\n<!-- \/ Yoast SEO plugin. -->","yoast_head_json":{"title":"Quem Somos - International Mortgage Associates","robots":{"index":"index","follow":"follow","max-snippet":"max-snippet:-1","max-image-preview":"max-image-preview:large","max-video-preview":"max-video-preview:-1"},"canonical":"http:\/\/internationalmortgageassociates.com\/pt-br\/460-2\/","og_locale":"pt_BR","og_type":"article","og_title":"Quem Somos - International Mortgage Associates","og_description":"Mortgage Associates International \u00e9 uma Brokerage Mortgage licenciado localizado em escrit\u00f3rios de prest\u00edgio em Celebration, nos arredores de Orlando, Florida. Formada por um diretor que tem quase 30 anos de experi\u00eancia em Servi\u00e7os Financeiros do Reino Unido e Internacional Mortgage Corretagem e mais de 10 anos de experi\u00eancia na propriedade da Fl\u00f3rida e mercado hipotec\u00e1rio. [&hellip;]","og_url":"http:\/\/internationalmortgageassociates.com\/pt-br\/460-2\/","og_site_name":"International Mortgage Associates","article_modified_time":"2014-02-19T14:47:47+00:00","twitter_misc":{"Est. tempo de leitura":"2 minutos"},"schema":{"@context":"https:\/\/schema.org","@graph":[{"@type":"WebPage","@id":"http:\/\/internationalmortgageassociates.com\/pt-br\/460-2\/","url":"http:\/\/internationalmortgageassociates.com\/pt-br\/460-2\/","name":"Quem Somos - International Mortgage Associates","isPartOf":{"@id":"https:\/\/internationalmortgageassociates.com\/#website"},"datePublished":"2014-02-19T14:47:32+00:00","dateModified":"2014-02-19T14:47:47+00:00","breadcrumb":{"@id":"http:\/\/internationalmortgageassociates.com\/pt-br\/460-2\/#breadcrumb"},"inLanguage":"pt-BR","potentialAction":[{"@type":"ReadAction","target":["http:\/\/internationalmortgageassociates.com\/pt-br\/460-2\/"]}]},{"@type":"BreadcrumbList","@id":"http:\/\/internationalmortgageassociates.com\/pt-br\/460-2\/#breadcrumb","itemListElement":[{"@type":"ListItem","position":1,"name":"Home","item":"http:\/\/internationalmortgageassociates.com\/pt-br\/"},{"@type":"ListItem","position":2,"name":"Quem Somos"}]},{"@type":"WebSite","@id":"https:\/\/internationalmortgageassociates.com\/#website","url":"https:\/\/internationalmortgageassociates.com\/","name":"International Mortgage Associates","description":"Professional Mortgage Services for Florida and International","potentialAction":[{"@type":"SearchAction","target":{"@type":"EntryPoint","urlTemplate":"https:\/\/internationalmortgageassociates.com\/?s={search_term_string}"},"query-input":{"@type":"PropertyValueSpecification","valueRequired":true,"valueName":"search_term_string"}}],"inLanguage":"pt-BR"}]}},"_links":{"self":[{"href":"http:\/\/internationalmortgageassociates.com\/pt-br\/wp-json\/wp\/v2\/pages\/460","targetHints":{"allow":["GET"]}}],"collection":[{"href":"http:\/\/internationalmortgageassociates.com\/pt-br\/wp-json\/wp\/v2\/pages"}],"about":[{"href":"http:\/\/internationalmortgageassociates.com\/pt-br\/wp-json\/wp\/v2\/types\/page"}],"author":[{"embeddable":true,"href":"http:\/\/internationalmortgageassociates.com\/pt-br\/wp-json\/wp\/v2\/users\/1"}],"replies":[{"embeddable":true,"href":"http:\/\/internationalmortgageassociates.com\/pt-br\/wp-json\/wp\/v2\/comments?post=460"}],"version-history":[{"count":2,"href":"http:\/\/internationalmortgageassociates.com\/pt-br\/wp-json\/wp\/v2\/pages\/460\/revisions"}],"predecessor-version":[{"id":462,"href":"http:\/\/internationalmortgageassociates.com\/pt-br\/wp-json\/wp\/v2\/pages\/460\/revisions\/462"}],"wp:attachment":[{"href":"http:\/\/internationalmortgageassociates.com\/pt-br\/wp-json\/wp\/v2\/media?parent=460"}],"curies":[{"name":"wp","href":"https:\/\/api.w.org\/{rel}","templated":true}]}}